{"id":200,"date":"2025-11-24T10:20:21","date_gmt":"2025-11-24T09:20:21","guid":{"rendered":"https:\/\/www.irm-schwabestiftung.de\/?page_id=200"},"modified":"2025-12-11T13:16:55","modified_gmt":"2025-12-11T12:16:55","slug":"spenden","status":"publish","type":"page","link":"https:\/\/www.irm-schwabestiftung.de\/?page_id=200","title":{"rendered":"Spenden"},"content":{"rendered":"\n<p>Als gemeinn\u00fctzige Stiftung, freuen wir uns nat\u00fcrlich \u00fcber Spenden zur Unterst\u00fctzung f\u00fcr die Durchf\u00fchrung unseres Stiftungszweckes. <br>Unser T\u00e4tigkeitsfeld ist weit gefasst und kann in unserer <a href=\"https:\/\/www.irm-schwabestiftung.de\/?page_id=38\" data-type=\"page\" data-id=\"38\">Satzung<\/a> nachgelesen werden. Gern stellen wir Ihnen auf Wunsch eine Spendenquittung aus. Bei Spenden bis 200\u20ac reicht gegen\u00fcber dem Finanzamt ein vereinfachter Nachweis \u00fcber die Spende, zum Beispiel ein PC Ausdruck der Buchungsbest\u00e4tigung. F\u00fcr alle Betr\u00e4ge \u00fcber 200\u20ac erhalten Sie von uns eine Zuwendungsbest\u00e4tigung.<\/p>\n\n\n\n<h2 class=\"wp-block-heading\">Kontodaten:<\/h2>\n\n\n\n<p>Kontoinhaber: Ingrid, Ralf und Marco Schwabe Stiftung<br><br>IBAN: DE74 6005 0101 0405 8950 30<br>BIC: SOLADEST600<br>Bank: Landesbank Baden-W\u00fcrttemberg<br>Steuer-Nr.: 238\/140\/00397<\/p>\n","protected":false},"excerpt":{"rendered":"<p>Als gemeinn\u00fctzige Stiftung, freuen wir uns nat\u00fcrlich \u00fcber Spenden zur Unterst\u00fctzung f\u00fcr die Durchf\u00fchrung unseres Stiftungszweckes. Unser T\u00e4tigkeitsfeld ist weit gefasst und kann in unserer Satzung nachgelesen werden. Gern stellen wir Ihnen auf Wunsch eine Spendenquittung aus. Bei Spenden bis 200\u20ac reicht gegen\u00fcber dem Finanzamt ein vereinfachter Nachweis \u00fcber die Spende, zum Beispiel ein PC [&hellip;]<\/p>\n","protected":false},"author":1,"featured_media":0,"parent":0,"menu_order":0,"comment_status":"closed","ping_status":"closed","template":"","meta":{"footnotes":""},"class_list":["post-200","page","type-page","status-publish","hentry"],"_links":{"self":[{"href":"https:\/\/www.irm-schwabestiftung.de\/index.php?rest_route=\/wp\/v2\/pages\/200","targetHints":{"allow":["GET"]}}],"collection":[{"href":"https:\/\/www.irm-schwabestiftung.de\/index.php?rest_route=\/wp\/v2\/pages"}],"about":[{"href":"https:\/\/www.irm-schwabestiftung.de\/index.php?rest_route=\/wp\/v2\/types\/page"}],"author":[{"embeddable":true,"href":"https:\/\/www.irm-schwabestiftung.de\/index.php?rest_route=\/wp\/v2\/users\/1"}],"replies":[{"embeddable":true,"href":"https:\/\/www.irm-schwabestiftung.de\/index.php?rest_route=%2Fwp%2Fv2%2Fcomments&post=200"}],"version-history":[{"count":9,"href":"https:\/\/www.irm-schwabestiftung.de\/index.php?rest_route=\/wp\/v2\/pages\/200\/revisions"}],"predecessor-version":[{"id":241,"href":"https:\/\/www.irm-schwabestiftung.de\/index.php?rest_route=\/wp\/v2\/pages\/200\/revisions\/241"}],"wp:attachment":[{"href":"https:\/\/www.irm-schwabestiftung.de\/index.php?rest_route=%2Fwp%2Fv2%2Fmedia&parent=200"}],"curies":[{"name":"wp","href":"https:\/\/api.w.org\/{rel}","templated":true}]}}